{"id":51,"date":"2021-11-07T15:32:00","date_gmt":"2021-11-07T15:32:00","guid":{"rendered":"http:\/\/marioleimbacher.ch\/?page_id=51"},"modified":"2025-11-28T17:24:17","modified_gmt":"2025-11-28T17:24:17","slug":"urbansketcher-news","status":"publish","type":"page","link":"https:\/\/marioleimbacher.ch\/?page_id=51","title":{"rendered":"Urban Sketchers Intragna"},"content":{"rendered":"\n<p><\/p>\n\n\n\n<p><\/p>\n\n\n\n<h4 class=\"wp-block-heading\"><strong>Agenda<\/strong><\/h4>\n\n\n\n<p class=\"has-x-large-font-size\"><strong>2026<\/strong><\/p>\n\n\n\n<figure class=\"wp-block-table\"><table class=\"has-fixed-layout\"><tbody><tr><td><strong>Mai 2026<\/strong><br>Auffahrt<\/td><td><strong>4. USk-Weekend 2025<br>Auffahrtswochenende<\/strong><br><strong>Donnerstag, 14. bis Sonntag, 17. Mai 2026<\/strong><br><a href=\"https:\/\/usk-week.ch\/\" data-type=\"link\" data-id=\"https:\/\/usk-week.ch\/\" target=\"_blank\" rel=\"noreferrer noopener\">Programm und Anmeldung<\/a><\/td><\/tr><tr><td><strong>Juli 2026<\/strong><br>Sommerferien<\/td><td><strong>7. USk Week 2026<br>Sommerferien<br>Sonntag, 26. Juli &#8211; Samstag, 2. August<br><em>Summer holidays<\/em><br><em>Sunday, July 26th &#8211; Saturday, August 1nd<\/em><\/strong><br><a href=\"https:\/\/usk-week.ch\/\" data-type=\"link\" data-id=\"https:\/\/usk-week.ch\/\" target=\"_blank\" rel=\"noreferrer noopener\">Programm und Anmeldung<\/a><\/td><\/tr><tr><td><strong>Oktober 2026<\/strong><br>Zeichentage im Herbst<\/td><td><strong>Zeichentage Oktober 2026<br><\/strong>Sonntag, 4. bis Sonntag, 11. Oktober 2026<br>Das Programm f\u00fcr die Zeichentage im Oktober wird bis im M\u00e4rz 2026 bekanntgegeben.<br><br><em><strong>Sketcher Days October 2026<\/strong><\/em><br><em>Sunday, October 4th to Sunday, October 11th, 2026<\/em><br><em>The program for the Drawing Days in October will be announced by&nbsp; march 2026.<\/em><\/td><\/tr><\/tbody><\/table><\/figure>\n\n\n\n<p class=\"has-x-large-font-size\"><strong>2025<\/strong><\/p>\n\n\n\n<figure class=\"wp-block-table\"><table><tbody><tr><td><strong>Mai 2025<br>Intragna<\/strong><\/td><td><strong>3. USk-Weekend 2025<br>Auffahrtswochenende<\/strong><br><strong>Donnerstag, 29. Mai bis Sonntag, 1. Juni 2025<\/strong><br><a href=\"https:\/\/files.web.host.ch\/71\/b1\/71b1e75c-881b-42c5-9986-f1a4c6623823.pdf\" target=\"_blank\" rel=\"noreferrer noopener\">Programm und Anmeldung<\/a><\/td><\/tr><tr><td><strong>Juli 2025<br>Intragna<\/strong><\/td><td><strong>6. USk Week 2025<br>Sommerferien<br>Sonntag, 27. Juli &#8211; Samstag, 2. August<br><em>Summer holidays<\/em><br><em>Sunday, July 27th &#8211; Saturday, August 2nd<\/em><\/strong><br><a href=\"https:\/\/files.web.host.ch\/f8\/af\/f8af6e15-a4d6-42f4-9528-7a4bef90920c.pdf\" data-type=\"link\" data-id=\"https:\/\/files.web.host.ch\/f8\/af\/f8af6e15-a4d6-42f4-9528-7a4bef90920c.pdf\" target=\"_blank\" rel=\"noreferrer noopener\">Programm \/ program<\/a><br><a href=\"https:\/\/files.web.host.ch\/7f\/37\/7f373bf9-cef7-4aa2-902e-083b73ef9328.pdf\" data-type=\"link\" data-id=\"https:\/\/files.web.host.ch\/7f\/37\/7f373bf9-cef7-4aa2-902e-083b73ef9328.pdf\" target=\"_blank\" rel=\"noreferrer noopener\">Anmeldung \/ registration<\/a><\/td><\/tr><tr><td>Herbst 2025<\/td><td><a><strong>Zeichentage 2025, Herbstferien<br>Sonntag, 5. bis Sonntag 12. Oktober 2025<br>Sketchwalks in der Region<\/strong><\/a><br><br>Workshops je zwei Halbtage mit:<br>&#8211; <a href=\"https:\/\/www.instagram.com\/papermoon_32\/\" target=\"_blank\" rel=\"noreferrer noopener\">Theres R\u00fctschi<\/a><br>&#8211; <a href=\"https:\/\/www.illustres.ch\/\" target=\"_blank\" rel=\"noreferrer noopener\">Res Zinniker<\/a><br>&#8211; <a href=\"https:\/\/www.instagram.com\/leimbachermario\/\" target=\"_blank\" rel=\"noreferrer noopener\">Mario Leimbacher<\/a><a><br>Wir beginnen die Workshops meist im Haus und machen uns dann auf den Weg, wir zeichnen im Zug nach Locarno, nach Re, nach Domodossola.<br>Wir zeichnen auf dem Schiff zu den &#8222;Isole di Brissago&#8220; und im Botanischen Garten der Inseln.<\/a><br>Programm und Anmeldung auf <a href=\"https:\/\/usk-week.ch\/\" data-type=\"link\" data-id=\"https:\/\/usk-week.ch\/\" target=\"_blank\" rel=\"noreferrer noopener\">usk-week.ch<\/a><\/td><\/tr><tr><td><\/td><td><\/td><\/tr><\/tbody><\/table><\/figure>\n\n\n\n<h2 class=\"wp-block-heading has-x-large-font-size\"><strong>2024<\/strong><\/h2>\n\n\n\n<figure class=\"wp-block-table\"><table><tbody><tr><td><strong>Mai 2024<br>Intragna<\/strong><\/td><td><strong><a href=\"https:\/\/usk-week.ch\/2024\/usk-weekend-2024\" data-type=\"link\" data-id=\"https:\/\/usk-week.ch\/2024\/usk-weekend-2024\" target=\"_blank\" rel=\"noreferrer noopener\">2. USk-Weekend 2024<br>Auffahrtswochenende<\/a><br><\/strong>Donnerstag, 9. bis Sonntag, 12. Mai 2024<br><a href=\"https:\/\/files.web.host.ch\/59\/41\/594105bb-35cf-4f86-89cb-bb8c0a360de7.pdf\" target=\"_blank\" rel=\"noreferrer noopener nofollow\">Programm und Anmeldung<\/a><\/td><\/tr><tr><td><strong>Juni 2024<br>Neuchatel<\/strong><\/td><td><strong>6. Schweizer Urbansketcher Symposium, Neuchatel<\/strong><br>27. bis 29. Juni 2024<br>Im 2024 wird das Schweizer Symposium zum ersten Mal auf franz\u00f6sischsprachigem Boden in Neuch\u00e2tel stattfinden. Wir f\u00fchlen uns sehr geehrt und freuen uns, dass wir euch unsere Stadt mit dem Blick als Urban Sketcher zeigen k\u00f6nnen. Unsere Stadt, klein in ihrer Gr\u00f6sse und gross in der Sch\u00f6nheit ihrer Architektur und ihrer Panoramen, liegt am Ufer des Sees an einem Hang und hat ihren Besuchern, die auf der Suche nach Inspiration und Spots zum Zeichnen sind, viel zu bieten: ein wundersch\u00f6nes Schloss mit einer Stiftskirche, ein Stadtzentrum mit einer breiten Fussg\u00e4ngerzone, die es erlaubt, jede jede Ecke ungest\u00f6rt zu skizzieren, und einen weiten Panoramablick auf den See und die Alpen.<\/td><\/tr><tr><td><strong>Juli 2024<br>Intragna<\/strong><\/td><td><strong><a href=\"https:\/\/usk-week.ch\/2024\/5-usk-week-2024\">5. USk-Week 2024<\/a><br><a href=\"https:\/\/usk-week.ch\/2024\/5-usk-week-2024\">28. Juli &#8211; 3. August<\/a><br><\/strong>Sonntag, 28. Juli bis Samstag, 3. August 2024<br>Workshops mit:&nbsp;<strong>Jenny Adam (Hamburg),&nbsp;Johanna Krimmel (Darmstadt),&nbsp;Swasky (Barcelona),&nbsp;Santi Sall\u00e9s (Barcelona)<br><a href=\"https:\/\/usk-week.ch\/2024\/5-usk-week-2024\">Programm und Anmeldung&nbsp;\/&nbsp;program and registration<\/a><\/strong><\/td><\/tr><tr><td><strong>Oktober 2024<br>Intragna<\/strong><\/td><td><a><strong>3. Zeichenwoche 2024<\/strong><br>Herbstferien<strong><br><\/strong>Sonntag, 6. bis Samstag, 12. Oktober 2024<strong><br><\/strong>Grundlagen des Zeichnens und Einf\u00fchrung ins Urbansketching<br>Detailinformationen ab Februar 2024<\/a><\/td><\/tr><tr><td><\/td><td><\/td><\/tr><\/tbody><\/table><\/figure>\n\n\n\n<h2 class=\"wp-block-heading has-x-large-font-size\"><strong>2023<\/strong><\/h2>\n\n\n\n<figure class=\"wp-block-table\"><table><tbody><tr><td><strong>Mai 2023<\/strong><br><strong>Intragna<\/strong><\/td><td><strong><a href=\"http:\/\/usk-week.ch\/\">USk-Weekend an Auffahrt<\/a><\/strong>&nbsp;2023<br>Intragna, Bildraum Miravalle<br>Donnerstag, 18. bis Sonntag, 21. Mai 2023<br><strong>Workshops mit:<br>Olivia Aloisi, Claudia Jordi, Javier Alberich, Mario Leimbacher<\/strong><br><\/td><\/tr><tr><td><strong>Juli 2023<\/strong><br><strong>Intragna<\/strong><\/td><td><strong><a href=\"https:\/\/usk-week.ch\/\" target=\"_blank\" rel=\"noreferrer noopener\">USk-Week 2023<\/a><\/strong><br><strong>Workshops mit:<\/strong><br><strong>Lis Watkins (GB),&nbsp;<a href=\"https:\/\/www.instagram.com\/lineandwash\/\" target=\"_blank\" rel=\"noreferrer noopener\">Instagram<\/a><\/strong><br><strong>Nicola Maier-Reimer (D),&nbsp;<a href=\"https:\/\/www.instagram.com\/nicola.maierreimer\/\" target=\"_blank\" rel=\"noreferrer noopener\">Instagram<\/a><\/strong><br><strong>Ryan Little (CH),&nbsp;<a href=\"https:\/\/www.instagram.com\/r.y.l.i\/\" target=\"_blank\" rel=\"noreferrer noopener\">Instagram<\/a><\/strong><br><strong>Silvain Cnudde (F),&nbsp;<a href=\"https:\/\/www.instagram.com\/sylvaincnudde\/\" target=\"_blank\" rel=\"noreferrer noopener\">Instagram<\/a><\/strong><br>Die vierte USk-Week findet wieder in Intragna statt. Sie dauert vom Sonntag, 16. bis zum Samstag, 22. Juli 2023.<br>Detailinformationen werden ab Dezember 2023 publiziert und eine Anmeldung ist ab 1. M\u00e4rz m\u00f6glich.<br>Infos auf&nbsp;<a href=\"https:\/\/usk-week.ch\/\" target=\"_blank\" rel=\"noreferrer noopener\"><strong>usk-week.ch<\/strong><\/a><\/td><\/tr><tr><td><strong>September 2023<br>Z\u00fcrich<\/strong><\/td><td><a href=\"https:\/\/symposium.usk-switzerland.ch\/\" target=\"_blank\" rel=\"noreferrer noopener\">Switzerland Urbansketcher Symposium 202<\/a>3<br>Donnerstag, 7. \u2013 Samstag, 9. September 2023<br>Z\u00fcrich<\/td><\/tr><tr><td><strong>Oktober 2023<br>Intragna<\/strong><\/td><td><a href=\"http:\/\/usk-week.ch\/\"><strong>Zeichenwoche Intragna 202<\/strong>3<\/a><br><strong>Grundlagen des Zeichnens, Einf\u00fchrung ins Urbansketching<\/strong><br><strong>Sonntag, 8. bis Samstag, 14. Oktober 2023<\/strong><br>Angela Melody Kummer, Farbe<br>Mario Leimbacher, Raumdarstellung<br><strong>Raumdarstellung:&nbsp;<\/strong>Raumillusion mittels Zentralperspektive, Tonwerten, Stimmungen und Farben erzeugen.<br><strong>Perspektive und Proportionen:<\/strong>&nbsp;Wir zeichnen Gassen, Treppen, Balkone, Gel\u00e4nder, ganze H\u00e4user, aber auch kleine Details. Wir untersuchen Proportionen, Distanzen und Verk\u00fcrzungen in einer perspektivisch-r\u00e4umlichen Darstellung.<br><strong>Komposition und Bildgestaltung<\/strong><br><strong>schnelles Skizzieren von Alltagssituationen und Menschen<\/strong><br><strong>Zeichentechniken:&nbsp;<\/strong>Lineares Zeichnen mit Fineliner und Tuschstift, Tonwerte und Detailzeichnen mit Kohle und Graphit, Kolorieren mit Tinte und Aquarellfarben.<br><br>Kursleitung: Angela Melody Kummer und Mario Leimbacher<br>Infos auf&nbsp;<strong><a href=\"https:\/\/usk-week.ch\/\" target=\"_blank\" rel=\"noreferrer noopener\"><strong>usk-week.ch<\/strong><\/a><\/strong><\/td><\/tr><tr><td><\/td><td><\/td><\/tr><\/tbody><\/table><\/figure>\n\n\n\n<p><strong>Informationen:<\/strong><\/p>\n\n\n\n<ul class=\"wp-block-list\">\n<li><a rel=\"noreferrer noopener\" href=\"http:\/\/switzerland.urbansketchers.org\/\" data-type=\"URL\" data-id=\"http:\/\/switzerland.urbansketchers.org\/\" target=\"_blank\">Blog der Schweizer Urbansketcher<\/a><\/li>\n\n\n\n<li><a rel=\"noreferrer noopener\" href=\"http:\/\/www.urbansketchers.org\/\" data-type=\"URL\" data-id=\"http:\/\/www.urbansketchers.org\/\" target=\"_blank\">internationaler Blog der Urbansketchers<\/a><\/li>\n\n\n\n<li><a rel=\"noreferrer noopener\" href=\"https:\/\/www.facebook.com\/groups\/521679564516677\" data-type=\"URL\" data-id=\"https:\/\/www.facebook.com\/groups\/521679564516677\" target=\"_blank\">Facebook Schweizer Urbansketchers<\/a><\/li>\n\n\n\n<li><a href=\"https:\/\/www.meetup.com\/de-DE\/urban_sketchers_zurich\/\" data-type=\"URL\" data-id=\"https:\/\/www.meetup.com\/de-DE\/urban_sketchers_zurich\/\" target=\"_blank\" rel=\"noreferrer noopener\">Urbansketcher Meetupgruppe Z\u00fcrich<\/a><br><\/li>\n<\/ul>\n","protected":false},"excerpt":{"rendered":"<p>Agenda 2026 Mai 2026Auffahrt 4. USk-Weekend 2025AuffahrtswochenendeDonnerstag, 14. bis Sonntag, 17. Mai 2026Programm und Anmeldung Juli 2026Sommerferien 7. USk Week 2026SommerferienSonntag, 26. Juli &#8211; Samstag, 2. AugustSummer holidaysSunday, July 26th &#8211; Saturday, August 1ndProgramm und Anmeldung Oktober 2026Zeichentage im Herbst Zeichentage Oktober 2026Sonntag, 4. bis Sonntag, 11. Oktober 2026Das Programm f\u00fcr die Zeichentage im Oktober [&hellip;]<\/p>\n","protected":false},"author":1,"featured_media":0,"parent":0,"menu_order":0,"comment_status":"closed","ping_status":"closed","template":"","meta":{"footnotes":""},"class_list":["post-51","page","type-page","status-publish","hentry"],"_links":{"self":[{"href":"https:\/\/marioleimbacher.ch\/index.php?rest_route=\/wp\/v2\/pages\/51","targetHints":{"allow":["GET"]}}],"collection":[{"href":"https:\/\/marioleimbacher.ch\/index.php?rest_route=\/wp\/v2\/pages"}],"about":[{"href":"https:\/\/marioleimbacher.ch\/index.php?rest_route=\/wp\/v2\/types\/page"}],"author":[{"embeddable":true,"href":"https:\/\/marioleimbacher.ch\/index.php?rest_route=\/wp\/v2\/users\/1"}],"replies":[{"embeddable":true,"href":"https:\/\/marioleimbacher.ch\/index.php?rest_route=%2Fwp%2Fv2%2Fcomments&post=51"}],"version-history":[{"count":15,"href":"https:\/\/marioleimbacher.ch\/index.php?rest_route=\/wp\/v2\/pages\/51\/revisions"}],"predecessor-version":[{"id":407,"href":"https:\/\/marioleimbacher.ch\/index.php?rest_route=\/wp\/v2\/pages\/51\/revisions\/407"}],"wp:attachment":[{"href":"https:\/\/marioleimbacher.ch\/index.php?rest_route=%2Fwp%2Fv2%2Fmedia&parent=51"}],"curies":[{"name":"wp","href":"https:\/\/api.w.org\/{rel}","templated":true}]}}